{"id":3,"date":"2025-10-16T11:59:54","date_gmt":"2025-10-16T11:59:54","guid":{"rendered":"https:\/\/stiglerautomation.hr\/?page_id=3"},"modified":"2025-10-20T07:37:07","modified_gmt":"2025-10-20T07:37:07","slug":"politika-privatnosti","status":"publish","type":"page","link":"https:\/\/stiglerautomation.hr\/index.php\/politika-privatnosti\/","title":{"rendered":"Politika privatnosti"},"content":{"rendered":"\n<h1 class=\"wp-block-heading\"><\/h1>\n\n\n\n<p>Ova Pravila o privatnosti opisuju na\u0161a pravila i postupke o prikupljanju, kori\u0161tenju i otkrivanju va\u0161ih podataka kada koristite Uslugu te vas obavje\u0161tavaju o va\u0161im pravima na privatnost i na\u010dinu na koji vas zakon \u0161titi.<\/p>\n\n\n\n<p>Va\u0161e osobne podatke koristimo za pru\u017eanje i pobolj\u0161anje Usluge. Kori\u0161tenjem Usluge pristajete na prikupljanje i kori\u0161tenje informacija u skladu s ovim Pravilima o privatnosti.<\/p>\n\n\n\n<h2 class=\"wp-block-heading\">Tuma\u010denje i definicije<\/h2>\n\n\n\n<h3 class=\"wp-block-heading\">Tuma\u010denje<\/h3>\n\n\n\n<p>Rije\u010di \u010dija su po\u010detna slova velika imaju zna\u010denja definirana pod sljede\u0107im uvjetima. Sljede\u0107e definicije imat \u0107e isto zna\u010denje bez obzira pojavljuju li se u jednini ili mno\u017eini.<\/p>\n\n\n\n<h3 class=\"wp-block-heading\">Definicije<\/h3>\n\n\n\n<p>Za potrebe ove Politike privatnosti:<\/p>\n\n\n\n<ul class=\"wp-block-list\">\n<li><strong>Ra\u010dun<\/strong>\u00a0zna\u010di jedinstveni ra\u010dun kreiran za Vas za pristup na\u0161oj Usluzi ili dijelovima na\u0161e Usluge.<\/li>\n\n\n\n<li><strong>Povezano dru\u0161tvo<\/strong>\u00a0zna\u010di subjekt koji kontrolira, kojim se kontrolira ili je pod zajedni\u010dkom kontrolom sa strankom, gdje \u201ekontrola\u201c zna\u010di vlasni\u0161tvo nad 50% ili vi\u0161e dionica, udjela u kapitalu ili drugih vrijednosnih papira koji daju pravo glasa za izbor direktora ili drugog upravlja\u010dkog tijela.<\/li>\n\n\n\n<li><strong>Dru\u0161tvo<\/strong>\u00a0(u daljnjem tekstu \u201eDru\u0161tvo\u201c, \u201eMi\u201c, \u201eNas\u201c ili \u201eNa\u0161\u201c u ovom Ugovoru) odnosi se na Stigler Automation, Stjepana Radi\u0107a 141A, Punitovci.<\/li>\n\n\n\n<li><strong>Kola\u010di\u0107i<\/strong>\u00a0su male datoteke koje web-stranica postavlja na Va\u0161e ra\u010dunalo, mobilni ure\u0111aj ili bilo koji drugi ure\u0111aj, a koje sadr\u017ee detalje o Va\u0161oj povijesti pregledavanja na toj web-stranici, me\u0111u mnogim njezinim namjenama.<\/li>\n\n\n\n<li><strong>Dr\u017eava<\/strong>\u00a0se odnosi na: Hrvatsku<\/li>\n\n\n\n<li><strong>Ure\u0111aj<\/strong>\u00a0zna\u010di bilo koji ure\u0111aj koji mo\u017ee pristupiti Usluzi, kao \u0161to je ra\u010dunalo, mobitel ili digitalni tablet.<\/li>\n\n\n\n<li><strong>Osobni podatak<\/strong>\u00a0je svaka informacija koja se odnosi na identificiranu ili prepoznatljivu osobu.<\/li>\n\n\n\n<li><strong>Usluga<\/strong>\u00a0se odnosi na web stranicu.<\/li>\n\n\n\n<li><strong>Davatelj usluga<\/strong>\u00a0zna\u010di bilo koja fizi\u010dka ili pravna osoba koja obra\u0111uje podatke u ime Dru\u0161tva. Odnosi se na tvrtke ili pojedince tre\u0107ih strana koje Dru\u0161tvo zapo\u0161ljava za olak\u0161avanje Usluge, pru\u017eanje Usluge u ime Dru\u0161tva, obavljanje usluga povezanih s Uslugom ili pomo\u0107 Dru\u0161tvu u analizi na\u010dina kori\u0161tenja Usluge.<\/li>\n\n\n\n<li><strong>Podaci o kori\u0161tenju<\/strong>\u00a0odnose se na podatke prikupljene automatski, bilo da su generirani kori\u0161tenjem Usluge ili iz same infrastrukture Usluge (na primjer, trajanje posjeta stranici).<\/li>\n\n\n\n<li><strong>Web-stranica<\/strong>\u00a0se odnosi na Stigler Automation, dostupnoj na\u00a0<a href=\"https:\/\/stiglerautomation.hr\/\" target=\"_blank\" rel=\"noreferrer noopener\">https:\/\/stiglerautomation.hr\/<\/a><\/li>\n\n\n\n<li><strong>Vi<\/strong>\u00a0ozna\u010dava pojedinca koji pristupa ili koristi Uslugu ili tvrtku ili drugu pravnu osobu u \u010dije ime ta osoba pristupa ili koristi Uslugu, ovisno o slu\u010daju.<\/li>\n<\/ul>\n\n\n\n<h2 class=\"wp-block-heading\">Prikupljanje i kori\u0161tenje va\u0161ih osobnih podataka<\/h2>\n\n\n\n<h3 class=\"wp-block-heading\">Vrste prikupljenih podataka<\/h3>\n\n\n\n<h4 class=\"wp-block-heading\">Osobni podaci<\/h4>\n\n\n\n<p>Tijekom kori\u0161tenja na\u0161e usluge, mo\u017eemo vas zamoliti da nam dostavite odre\u0111ene osobne podatke koji se mogu koristiti za va\u0161e kontaktiranje ili identifikaciju. Osobni podaci mogu uklju\u010divati, ali nisu ograni\u010deni na:<\/p>\n\n\n\n<ul class=\"wp-block-list\">\n<li>E-mail adresa<\/li>\n\n\n\n<li>Ime i prezime<\/li>\n\n\n\n<li>Broj telefona<\/li>\n\n\n\n<li>Podaci o kori\u0161tenju<\/li>\n<\/ul>\n\n\n\n<h4 class=\"wp-block-heading\">Podaci o kori\u0161tenju<\/h4>\n\n\n\n<p>Podaci o kori\u0161tenju prikupljaju se automatski prilikom kori\u0161tenja Usluge.<\/p>\n\n\n\n<p>Podaci o kori\u0161tenju mogu uklju\u010divati \u200b\u200binformacije kao \u0161to su adresa internetskog protokola Va\u0161eg ure\u0111aja (npr. IP adresa), vrsta preglednika, verzija preglednika, stranice na\u0161e Usluge koje posje\u0107ujete, vrijeme i datum Va\u0161eg posjeta, vrijeme provedeno na tim stranicama, jedinstveni identifikatori ure\u0111aja i drugi dijagnosti\u010dki podaci.<\/p>\n\n\n\n<p>Kada pristupate Usluzi putem mobilnog ure\u0111aja, mo\u017eemo automatski prikupljati odre\u0111ene podatke, uklju\u010duju\u0107i, ali ne ograni\u010davaju\u0107i se na, vrstu mobilnog ure\u0111aja koji koristite, jedinstveni ID va\u0161eg mobilnog ure\u0111aja, IP adresu va\u0161eg mobilnog ure\u0111aja, va\u0161 mobilni operativni sustav, vrstu mobilnog internetskog preglednika koji koristite, jedinstvene identifikatore ure\u0111aja i druge dijagnosti\u010dke podatke.<\/p>\n\n\n\n<p>Tako\u0111er mo\u017eemo prikupljati podatke koje Va\u0161 preglednik \u0161alje kad god posjetite Na\u0161u Uslugu ili kada pristupite Usluzi putem mobilnog ure\u0111aja.<\/p>\n\n\n\n<h4 class=\"wp-block-heading\">Tehnologije pra\u0107enja i kola\u010di\u0107i<\/h4>\n\n\n\n<p>Koristimo kola\u010di\u0107e i sli\u010dne tehnologije pra\u0107enja za pra\u0107enje aktivnosti na na\u0161oj usluzi i pohranjivanje odre\u0111enih informacija. Tehnologije pra\u0107enja koje koristimo uklju\u010duju beacone, oznake i skripte za prikupljanje i pra\u0107enje informacija te za pobolj\u0161anje i analizu na\u0161e usluge. Tehnologije koje koristimo mogu uklju\u010divati:<\/p>\n\n\n\n<ul class=\"wp-block-list\">\n<li><strong>Kola\u010di\u0107i ili kola\u010di\u0107i preglednika.<\/strong>\u00a0Kola\u010di\u0107 je mala datoteka koja se postavlja na Va\u0161 ure\u0111aj. Mo\u017eete uputiti Svoj preglednik da odbije sve kola\u010di\u0107e ili da nazna\u010di kada se kola\u010di\u0107 \u0161alje. Me\u0111utim, ako ne prihvatite kola\u010di\u0107e, mo\u017eda ne\u0107ete mo\u0107i koristiti neke dijelove na\u0161e Usluge. Osim ako niste prilagodili postavke Svojeg preglednika tako da odbija kola\u010di\u0107e, na\u0161a Usluga mo\u017ee koristiti kola\u010di\u0107e.<\/li>\n\n\n\n<li><strong>Web-pratilice.<\/strong>\u00a0Odre\u0111eni dijelovi na\u0161e Usluge i na\u0161e e-poruke mogu sadr\u017eavati male elektroni\u010dke datoteke poznate kao web-pratilice (tako\u0111er poznate kao clear gifs, pixel tags i single-pixel gifs) koje omogu\u0107uju Dru\u0161tvu, na primjer, brojanje korisnika koji su posjetili te stranice ili otvorili e-poruku te za ostale povezane statistike web-mjesta (na primjer, bilje\u017eenje popularnosti odre\u0111enog odjeljka i provjeru integriteta sustava i poslu\u017eitelja).<\/li>\n<\/ul>\n\n\n\n<p>Kola\u010di\u0107i mogu biti \u201etrajni\u201c ili \u201esesijski\u201c kola\u010di\u0107i. Trajni kola\u010di\u0107i ostaju na va\u0161em osobnom ra\u010dunalu ili mobilnom ure\u0111aju kada se isklju\u010dite iz mre\u017ee, dok se sesijski kola\u010di\u0107i bri\u0161u \u010dim zatvorite svoj web preglednik. Saznajte vi\u0161e o kola\u010di\u0107ima u \u010dlanku&nbsp;<a href=\"https:\/\/www.freeprivacypolicy.com\/blog\/sample-privacy-policy-template\/#Use_Of_Cookies_And_Tracking\" target=\"_blank\" rel=\"noreferrer noopener\">o besplatnoj politici privatnosti na web stranici<\/a>&nbsp;.<\/p>\n\n\n\n<p>Koristimo i sesijske i trajne kola\u010di\u0107e u dolje navedene svrhe:<\/p>\n\n\n\n<ul class=\"wp-block-list\">\n<li><strong>Nu\u017eni \/ Esencijalni kola\u010di\u0107i<\/strong>\u00a0Vrsta: Sesijski kola\u010di\u0107i Administrira: Mi Svrha: Ovi kola\u010di\u0107i su neophodni kako bismo vam pru\u017eili usluge dostupne putem web-stranice i omogu\u0107ili vam kori\u0161tenje nekih njezinih zna\u010dajki. Poma\u017eu u autentifikaciji korisnika i sprje\u010davanju prijevarne upotrebe korisni\u010dkih ra\u010duna. Bez ovih kola\u010di\u0107a, usluge koje ste tra\u017eili ne mogu se pru\u017eiti, a mi koristimo ove kola\u010di\u0107e samo kako bismo vam pru\u017eili te usluge.<\/li>\n\n\n\n<li><strong>Pravila o kola\u010di\u0107ima \/ Obavijest o prihva\u0107anju kola\u010di\u0107a<\/strong>\u00a0Vrsta kola\u010di\u0107a: Trajni kola\u010di\u0107i Administrira: Mi Svrha: Ovi kola\u010di\u0107i identificiraju jesu li korisnici prihvatili upotrebu kola\u010di\u0107a na web stranici.<\/li>\n\n\n\n<li><strong>Funkcionalni kola\u010di\u0107i<\/strong>\u00a0Vrsta: Trajni kola\u010di\u0107i Administrira: Mi Svrha: Ovi kola\u010di\u0107i nam omogu\u0107uju pam\u0107enje izbora koje napravite kada koristite web-stranicu, kao \u0161to je pam\u0107enje va\u0161ih podataka za prijavu ili jezi\u010dnih postavki. Svrha ovih kola\u010di\u0107a je pru\u017eiti vam osobnije iskustvo i izbje\u0107i da morate ponovno unositi svoje postavke svaki put kada koristite web-stranicu.<\/li>\n<\/ul>\n\n\n\n<p>Za vi\u0161e informacija o kola\u010di\u0107ima koje koristimo i va\u0161im izborima u vezi s kola\u010di\u0107ima, posjetite na\u0161u Politiku kola\u010di\u0107a ili odjeljak Kola\u010di\u0107i u na\u0161oj Politici privatnosti.<\/p>\n\n\n\n<h3 class=\"wp-block-heading\">Kori\u0161tenje va\u0161ih osobnih podataka<\/h3>\n\n\n\n<p>Dru\u0161tvo mo\u017ee koristiti Osobne podatke u sljede\u0107e svrhe:<\/p>\n\n\n\n<ul class=\"wp-block-list\">\n<li><strong>Za pru\u017eanje i odr\u017eavanje na\u0161e Usluge<\/strong>\u00a0, uklju\u010duju\u0107i pra\u0107enje kori\u0161tenja na\u0161e Usluge.<\/li>\n\n\n\n<li><strong>Za upravljanje Va\u0161im ra\u010dunom:<\/strong>\u00a0za upravljanje Va\u0161om registracijom kao korisnika Usluge. Osobni podaci koje dajete mogu Vam omogu\u0107iti pristup razli\u010ditim funkcionalnostima Usluge koje su Vam dostupne kao registriranom korisniku.<\/li>\n\n\n\n<li><strong>Za izvr\u0161enje ugovora:<\/strong>\u00a0razvoj, uskla\u0111enost i provedba ugovora o kupnji proizvoda, predmeta ili usluga koje ste kupili ili bilo kojeg drugog ugovora s Nama putem Usluge.<\/li>\n\n\n\n<li><strong>Kontaktiranje:<\/strong>\u00a0Kontaktiranje putem e-po\u0161te, telefonskih poziva, SMS-a ili drugih ekvivalentnih oblika elektroni\u010dke komunikacije, kao \u0161to su push obavijesti mobilne aplikacije o a\u017euriranjima ili informativne komunikacije vezane uz funkcionalnosti, proizvode ili ugovorene usluge, uklju\u010duju\u0107i sigurnosna a\u017euriranja, kada je to potrebno ili razumno za njihovu provedbu.<\/li>\n\n\n\n<li><strong>Kako bismo vam pru\u017eili<\/strong>\u00a0novosti, posebne ponude i op\u0107e informacije o drugim proizvodima, uslugama i doga\u0111ajima koje nudimo, a koji su sli\u010dni onima koje ste ve\u0107 kupili ili o kojima ste se raspitali, osim ako niste odlu\u010dili ne primati takve informacije.<\/li>\n\n\n\n<li><strong>Za upravljanje Va\u0161im zahtjevima:<\/strong>\u00a0Za pra\u0107enje i upravljanje Va\u0161im zahtjevima upu\u0107enim Nama.<\/li>\n\n\n\n<li><strong>Za prijenos poslovanja:<\/strong>\u00a0Va\u0161e podatke mo\u017eemo koristiti za procjenu ili provo\u0111enje spajanja, dezinvestiranja, restrukturiranja, reorganizacije, raspu\u0161tanja ili druge prodaje ili prijenosa dijela ili sve na\u0161e imovine, bilo kao kontinuirano poslovanje ili kao dio ste\u010daja, likvidacije ili sli\u010dnog postupka, u kojem se osobni podaci koje posjedujemo o korisnicima na\u0161ih usluga nalaze me\u0111u prenesenom imovinom.<\/li>\n\n\n\n<li><strong>Za druge svrhe<\/strong>\u00a0: Va\u0161e podatke mo\u017eemo koristiti u druge svrhe, kao \u0161to su analiza podataka, prepoznavanje trendova kori\u0161tenja, odre\u0111ivanje u\u010dinkovitosti na\u0161ih promotivnih kampanja te za procjenu i pobolj\u0161anje na\u0161e Usluge, proizvoda, usluga, marketinga i va\u0161eg iskustva.<\/li>\n<\/ul>\n\n\n\n<p>Va\u0161e osobne podatke mo\u017eemo podijeliti u sljede\u0107im situacijama:<\/p>\n\n\n\n<ul class=\"wp-block-list\">\n<li><strong>S Pru\u017eateljima usluga:<\/strong>\u00a0Mo\u017eemo podijeliti Va\u0161e osobne podatke s Pru\u017eateljima usluga kako bismo pratili i analizirali kori\u0161tenje na\u0161e Usluge te Vas kontaktirali.<\/li>\n\n\n\n<li><strong>Za prijenos poslovanja:<\/strong>\u00a0Mo\u017eemo dijeliti ili prenijeti Va\u0161e osobne podatke u vezi s ili tijekom pregovora o bilo kakvom spajanju, prodaji imovine Dru\u0161tva, financiranju ili preuzimanju cijelog ili dijela Na\u0161eg poslovanja drugoj tvrtki.<\/li>\n\n\n\n<li><strong>S povezanim dru\u0161tvima:<\/strong>\u00a0Mo\u017eemo podijeliti Va\u0161e podatke s na\u0161im povezanim dru\u0161tvima, u kojem slu\u010daju \u0107emo od tih povezanih dru\u0161tava zahtijevati da po\u0161tuju ovu Politiku privatnosti. Povezana dru\u0161tva uklju\u010duju na\u0161u mati\u010dnu tvrtku i sve druge podru\u017enice, partnere u zajedni\u010dkom ulaganju ili druge tvrtke koje kontroliramo ili koje su pod zajedni\u010dkom kontrolom s nama.<\/li>\n\n\n\n<li><strong>S poslovnim partnerima:<\/strong>\u00a0Mo\u017eemo podijeliti Va\u0161e podatke s na\u0161im poslovnim partnerima kako bismo Vam ponudili odre\u0111ene proizvode, usluge ili promocije.<\/li>\n\n\n\n<li><strong>S drugim korisnicima:<\/strong>\u00a0kada dijelite osobne podatke ili na drugi na\u010din komunicirate u javnim prostorima s drugim korisnicima, takve podatke mogu vidjeti svi korisnici i mogu se javno distribuirati izvan njih.<\/li>\n\n\n\n<li><strong>Uz Va\u0161 pristanak<\/strong>\u00a0: Mo\u017eemo otkriti Va\u0161e osobne podatke u bilo koju drugu svrhu uz Va\u0161 pristanak.<\/li>\n<\/ul>\n\n\n\n<h3 class=\"wp-block-heading\">\u010cuvanje va\u0161ih osobnih podataka<\/h3>\n\n\n\n<p>Dru\u0161tvo \u0107e \u010duvati Va\u0161e osobne podatke samo onoliko dugo koliko je potrebno za svrhe navedene u ovim Pravilima o privatnosti. \u010cuvat \u0107emo i koristiti Va\u0161e osobne podatke u mjeri u kojoj je to potrebno za ispunjavanje na\u0161ih zakonskih obveza (na primjer, ako smo du\u017eni \u010duvati va\u0161e podatke radi uskla\u0111ivanja s va\u017ee\u0107im zakonima), rje\u0161avanje sporova i provo\u0111enje na\u0161ih pravnih ugovora i politika.<\/p>\n\n\n\n<p>Dru\u0161tvo \u0107e tako\u0111er zadr\u017eati podatke o kori\u0161tenju u svrhu interne analize. Podaci o kori\u0161tenju op\u0107enito se \u010duvaju kra\u0107e vrijeme, osim kada se ti podaci koriste za ja\u010danje sigurnosti ili pobolj\u0161anje funkcionalnosti na\u0161e usluge ili smo zakonski obvezni \u010duvati te podatke dulje vrijeme.<\/p>\n\n\n\n<h3 class=\"wp-block-heading\">Prijenos va\u0161ih osobnih podataka<\/h3>\n\n\n\n<p>Va\u0161i podaci, uklju\u010duju\u0107i osobne podatke, obra\u0111uju se u operativnim uredima Dru\u0161tva i na svim drugim mjestima gdje se nalaze strane uklju\u010dene u obradu. To zna\u010di da se ti podaci mogu prenijeti na ra\u010dunala koja se nalaze izvan Va\u0161e dr\u017eave, pokrajine, zemlje ili druge vladine jurisdikcije gdje se zakoni o za\u0161titi podataka mogu razlikovati od onih iz Va\u0161e jurisdikcije &#8211; i pohranjivati \u200b\u200bna njima.<\/p>\n\n\n\n<p>Va\u0161 pristanak na ovu Politiku privatnosti, nakon \u010dega slijedi Va\u0161e dostavljanje takvih informacija, predstavlja Va\u0161 pristanak na taj prijenos.<\/p>\n\n\n\n<p>Dru\u0161tvo \u0107e poduzeti sve razumno potrebne korake kako bi osiguralo da se s Va\u0161im podacima postupa sigurno i u skladu s ovim Pravilima o privatnosti te da se Va\u0161i osobni podaci ne\u0107e prenositi organizaciji ili dr\u017eavi osim ako nisu uspostavljene odgovaraju\u0107e kontrole, uklju\u010duju\u0107i sigurnost Va\u0161ih podataka i drugih osobnih podataka.<\/p>\n\n\n\n<h3 class=\"wp-block-heading\">Izbri\u0161ite svoje osobne podatke<\/h3>\n\n\n\n<p>Imate pravo izbrisati ili zatra\u017eiti da vam pomognemo u brisanju osobnih podataka koje smo prikupili o vama.<\/p>\n\n\n\n<p>Na\u0161a Usluga Vam mo\u017ee dati mogu\u0107nost brisanja odre\u0111enih podataka o Vama unutar Usluge.<\/p>\n\n\n\n<p>Svoje podatke mo\u017eete a\u017eurirati, izmijeniti ili izbrisati u bilo kojem trenutku prijavom na svoj ra\u010dun, ako ga imate, i posjetom odjeljka postavki ra\u010duna koji vam omogu\u0107uje upravljanje va\u0161im osobnim podacima. Tako\u0111er nas mo\u017eete kontaktirati kako biste zatra\u017eili pristup, ispravili ili izbrisali bilo koje osobne podatke koje ste nam dostavili.<\/p>\n\n\n\n<p>Me\u0111utim, imajte na umu da \u0107emo mo\u017eda morati zadr\u017eati odre\u0111ene podatke kada za to imamo zakonsku obvezu ili zakonsku osnovu.<\/p>\n\n\n\n<h3 class=\"wp-block-heading\">Otkrivanje va\u0161ih osobnih podataka<\/h3>\n\n\n\n<h4 class=\"wp-block-heading\">Poslovne transakcije<\/h4>\n\n\n\n<p>Ako je Dru\u0161tvo uklju\u010deno u spajanje, akviziciju ili prodaju imovine, Va\u0161i osobni podaci mogu biti preneseni. Obavijestit \u0107emo Vas prije nego \u0161to se Va\u0161i osobni podaci prenesu i postanu predmetom druga\u010dije Politike privatnosti.<\/p>\n\n\n\n<h4 class=\"wp-block-heading\">Provo\u0111enje zakona<\/h4>\n\n\n\n<p>U odre\u0111enim okolnostima, Dru\u0161tvo mo\u017ee biti du\u017eno otkriti Va\u0161e osobne podatke ako to zahtijeva zakon ili kao odgovor na valjane zahtjeve javnih tijela (npr. suda ili vladine agencije).<\/p>\n\n\n\n<h4 class=\"wp-block-heading\">Ostali zakonski zahtjevi<\/h4>\n\n\n\n<p>Dru\u0161tvo mo\u017ee otkriti Va\u0161e osobne podatke u dobroj vjeri da je takva radnja potrebna za:<\/p>\n\n\n\n<ul class=\"wp-block-list\">\n<li>Ispunjavanje zakonske obveze<\/li>\n\n\n\n<li>Za\u0161tititi i braniti prava ili imovinu Dru\u0161tva<\/li>\n\n\n\n<li>Sprije\u010diti ili istra\u017eiti mogu\u0107e nepravilnosti u vezi s Uslugom<\/li>\n\n\n\n<li>Za\u0161tititi osobnu sigurnost Korisnika Usluge ili javnosti<\/li>\n\n\n\n<li>Za\u0161titite se od pravne odgovornosti<\/li>\n<\/ul>\n\n\n\n<h3 class=\"wp-block-heading\">Sigurnost va\u0161ih osobnih podataka<\/h3>\n\n\n\n<p>Sigurnost Va\u0161ih osobnih podataka nam je va\u017ena, ali imajte na umu da nijedna metoda prijenosa putem interneta ili metoda elektroni\u010dke pohrane nije 100% sigurna. Iako se trudimo koristiti komercijalno razumna sredstva za za\u0161titu Va\u0161ih osobnih podataka, ne mo\u017eemo jam\u010diti njihovu apsolutnu sigurnost.<\/p>\n\n\n\n<h2 class=\"wp-block-heading\">Detaljne informacije o obradi va\u0161ih osobnih podataka<\/h2>\n\n\n\n<p>Pru\u017eatelji usluga koje koristimo mogu imati pristup Va\u0161im osobnim podacima. Ti dobavlja\u010di tre\u0107ih strana prikupljaju, pohranjuju, koriste, obra\u0111uju i prenose informacije o Va\u0161oj aktivnosti na Na\u0161oj Usluzi u skladu sa svojim Pravilima o privatnosti.<\/p>\n\n\n\n<h3 class=\"wp-block-heading\">Upotreba, performanse i ostalo<\/h3>\n\n\n\n<p>Mo\u017eemo koristiti usluge tre\u0107ih strana kako bismo odr\u017eavali i pobolj\u0161avali na\u0161u Uslugu.<\/p>\n\n\n\n<ul class=\"wp-block-list\">\n<li><strong>CloudFair<\/strong>\u00a0Njihova pravila o privatnosti mogu se prona\u0107i na\u00a0<a href=\"https:\/\/dash.cloudflare.com\/login\" target=\"_blank\" rel=\"noreferrer noopener\">https:\/\/dash.cloudflare.com\/login<\/a><\/li>\n<\/ul>\n\n\n\n<h2 class=\"wp-block-heading\">Privatnost djece<\/h2>\n\n\n\n<p>Na\u0161a Usluga nije namijenjena osobama mla\u0111im od 13 godina. Ne prikupljamo svjesno osobne podatke od osoba mla\u0111ih od 13 godina. Ako ste roditelj ili skrbnik i svjesni ste da nam je Va\u0161e dijete dalo osobne podatke, molimo Vas da nas kontaktirate. Ako saznamo da smo prikupili osobne podatke od osoba mla\u0111ih od 13 godina bez provjere roditeljskog pristanka, poduzimamo korake za uklanjanje tih podataka s na\u0161ih poslu\u017eitelja.<\/p>\n\n\n\n<p>Ako se moramo osloniti na privolu kao pravnu osnovu za obradu Va\u0161ih podataka, a Va\u0161a zemlja zahtijeva privolu roditelja, mo\u017eemo zahtijevati privolu Va\u0161eg roditelja prije nego \u0161to prikupimo i koristimo te podatke.<\/p>\n\n\n\n<h2 class=\"wp-block-heading\">Linkovi na druge web stranice<\/h2>\n\n\n\n<p>Na\u0161a Usluga mo\u017ee sadr\u017eavati poveznice na druge web-stranice kojima ne upravljamo mi. Ako kliknete na poveznicu tre\u0107e strane, bit \u0107ete preusmjereni na stranicu te tre\u0107e strane. Preporu\u010dujemo vam da pregledate Pravila o privatnosti svake stranice koju posjetite.<\/p>\n\n\n\n<p>Nemamo kontrolu nad i ne preuzimamo nikakvu odgovornost za sadr\u017eaj, pravila o privatnosti ili prakse bilo kojih web-mjesta ili usluga tre\u0107ih strana.<\/p>\n\n\n\n<h2 class=\"wp-block-heading\">Izmjene ove Politike privatnosti<\/h2>\n\n\n\n<p>S vremena na vrijeme mo\u017eemo a\u017eurirati na\u0161u Politiku privatnosti. Obavijestit \u0107emo vas o svim promjenama objavljivanjem nove Politike privatnosti na ovoj stranici.<\/p>\n\n\n\n<p>Obavijestit \u0107emo vas putem e-po\u0161te i\/ili istaknutom obavijesti na na\u0161oj Usluzi prije nego \u0161to promjena stupi na snagu i a\u017eurirat \u0107emo datum \u201eZadnje a\u017euriranje\u201c na vrhu ove Politike privatnosti.<\/p>\n\n\n\n<p>Preporu\u010duje se da povremeno pregledavate ovu Politiku privatnosti radi eventualnih promjena. Izmjene ove Politike privatnosti stupaju na snagu objavom na ovoj stranici.<\/p>\n\n\n\n<h2 class=\"wp-block-heading\">Kontaktirajte nas<\/h2>\n\n\n\n<p>Ako imate bilo kakvih pitanja o ovoj Politici privatnosti, mo\u017eete nas kontaktirati:<\/p>\n\n\n\n<ul class=\"wp-block-list\">\n<li>Putem e-po\u0161te: info@stiglerautomation.com<\/li>\n<\/ul>\n","protected":false},"excerpt":{"rendered":"<p>Ova Pravila o privatnosti opisuju na\u0161a pravila i postupke o prikupljanju, kori\u0161tenju i otkrivanju va\u0161ih podataka kada koristite Uslugu te vas obavje\u0161tavaju o va\u0161im pravima na privatnost i na\u010dinu na koji vas zakon \u0161titi. Va\u0161e osobne podatke koristimo za pru\u017eanje i pobolj\u0161anje Usluge. Kori\u0161tenjem Usluge pristajete na prikupljanje i kori\u0161tenje informacija u skladu s ovim [&hellip;]<\/p>\n","protected":false},"author":1,"featured_media":0,"parent":0,"menu_order":0,"comment_status":"closed","ping_status":"closed","template":"","meta":{"iawp_total_views":8,"footnotes":""},"class_list":["post-3","page","type-page","status-publish","hentry"],"_links":{"self":[{"href":"https:\/\/stiglerautomation.hr\/index.php\/wp-json\/wp\/v2\/pages\/3","targetHints":{"allow":["GET"]}}],"collection":[{"href":"https:\/\/stiglerautomation.hr\/index.php\/wp-json\/wp\/v2\/pages"}],"about":[{"href":"https:\/\/stiglerautomation.hr\/index.php\/wp-json\/wp\/v2\/types\/page"}],"author":[{"embeddable":true,"href":"https:\/\/stiglerautomation.hr\/index.php\/wp-json\/wp\/v2\/users\/1"}],"replies":[{"embeddable":true,"href":"https:\/\/stiglerautomation.hr\/index.php\/wp-json\/wp\/v2\/comments?post=3"}],"version-history":[{"count":4,"href":"https:\/\/stiglerautomation.hr\/index.php\/wp-json\/wp\/v2\/pages\/3\/revisions"}],"predecessor-version":[{"id":9043,"href":"https:\/\/stiglerautomation.hr\/index.php\/wp-json\/wp\/v2\/pages\/3\/revisions\/9043"}],"wp:attachment":[{"href":"https:\/\/stiglerautomation.hr\/index.php\/wp-json\/wp\/v2\/media?parent=3"}],"curies":[{"name":"wp","href":"https:\/\/api.w.org\/{rel}","templated":true}]}}